{"id":2007,"date":"2023-07-09T15:56:03","date_gmt":"2023-07-09T15:56:03","guid":{"rendered":"https:\/\/moveitsimple.de\/?page_id=2007"},"modified":"2023-07-09T15:56:03","modified_gmt":"2023-07-09T15:56:03","slug":"trackingtools","status":"publish","type":"page","link":"https:\/\/moveitsimple.de\/de\/trackingtools\/","title":{"rendered":"Trackingtools"},"content":{"rendered":"<h1 class=\"wp-block-heading\">Trackingtools<\/h1>\n\n\n\n<p><strong>Facebook<\/strong><\/p>\n\n\n\n<p>Rufen Sie unsere Facebook-Fanseite auf, erhebt, speichert und verarbeitet die Facebook Ltd., 4 Grand Canal Square, Grand Canal Harbour, Dublin 2 D02 X525, Irland, Ihre personenbezogenen Daten gem\u00e4\u00df der Datenschutzrichtlinie von Facebook. Die Datenschutzrichtlinie finden Sie hier:<br>https:\/\/de-de.facebook.com\/policy.php<br><br><br>Im Rahmen der Funktion \u201eFacebook Insights\u201c k\u00f6nnen uns dabei von Facebook unter anderem folgende Datenkategorien in anonymisierter \/ statistischer Form zwecks Performance-Messung und Optimierung unserer Facebook-Pr\u00e4senz bereitgestellt werden:<br><br>Vordefinierte Interaktionen auf unserer Fanpage<br>Zeitstempel<br>Land\/Stadt des Nutzers<br>HTTP-Sprachencode<br>Alters-\/Geschlechtsgruppe<br>Zuvor besuchte Webseite (sog. Referral-URL)<br>Endger\u00e4t des Nutzers<br>Facebook Nutzer-ID (soweit eingeloggt)<br><br>Bez\u00fcglich der Verarbeitung der Insights-Daten besteht zwischen Facebook und uns eine gemeinsame Verantwortlichkeit, im Rahmen derer Facebook die prim\u00e4re Verantwortung \u00fcbernommen hat. Dies betrifft die Verarbeitung von Insights-Daten und die Umsetzung der Betroffenenrechte. Bitte wenden Sie sich deshalb bez\u00fcglich s\u00e4mtlicher Pflichten aus der DSGVO im Hinblick auf die Verarbeitung von Insights-Daten direkt an Facebook. Ihre diesbez\u00fcglichen bei uns eingehenden Anfragen leiten wir an Facebook weiter. Weitere Details hierzu sind in der Vereinbarung zur gemeinsamen Verantwortung (Joint Controller Addendum) geregelt, welche Sie hier finden:<br>www.facebook.com\/legal\/terms\/page_controller_addendum<br><br>N\u00e4here Informationen zu Facebook Insights finden Sie hier:<br>https:\/\/analytics.facebook.com\/features\/list#automated_insights<br>www.facebook.com\/legal\/terms\/information_about_page_insights_data<br><br>Facebook Custom Audience \/ Facebook-Pixel<br>Wir setzen innerhalb unseres Internetauftritts den Besucheraktions-Pixel des Anbieters Facebook Ireland Limited, 4 Grand Canal Square, Dublin 2 D02 X525, Irland (\u201eFacebook\u201c) ein. Implementiert wurde dabei das Remarketing-Tag bzw. Z\u00e4hlpixel von Facebook. F\u00fcr die Datenverarbeitung sind Facebook und wir gemeinsam verantwortlich.<br><br>Durch das Facebook-Pixel ist es Facebook m\u00f6glich, die Besucher unseres Onlineangebotes als Zielgruppe f\u00fcr die Darstellung von Anzeigen (sog. \u201eFacebook-Ads\u201c) zu bestimmen. Die Nachverfolgung eines Nutzers kann dabei auch \u00fcber mehrere Webseiten hinweg erfolgen. Wir setzen das Facebook-Pixel ein, um die durch uns geschalteten Facebook-Werbeanzeigen nur solchen Facebook-Nutzern anzuzeigen, die ein Interesse an unserem Onlineangebot gezeigt haben oder welche bestimmte Merkmale (z.B. Interesse an bestimmten Themen oder Produkten, die anhand der besuchten Webseiten bestimmt werden) aufweisen, die wir an Facebook \u00fcbermitteln (sog. \u201eCustom Audiences\u201c).<br><br><br><br><br>Mit Hilfe des Facebook-Pixels k\u00f6nnen wir zudem die Wirksamkeit der Facebook-Anzeigen f\u00fcr statistische und Marktforschungszwecke nachvollziehen (\u201eAudience Insights\u201c), in dem wir sehen, ob Nutzer nach dem Klick auf eine Facebook-Anzeige auf unsere Website weitergeleitet wurden (sog. \u201eConversion\u201c).<br><br>Bei dem Facebook-Pixel handelt es sich um einen Javascript-Code, der die folgenden Daten an Facebook sendet:<br>\u2022 HTTP-Header-Informationen: u.a. IP-Adresse, Informationen zum Webbrowser, Seitenspeicherort, Dokument, URL der Webseite und Endger\u00e4t des Webbrowsers (Computer, Smartphone, Tablet, sonstige) sowie Tag und Uhrzeit der Nutzung<br>\u2022 Pixelspezifische Daten: Pixel-ID und Facebook-Cookie-Daten einschlie\u00dflich Ihrer Facebook-ID (diese werden verwendet, um Ereignisse mit einem bestimmten Facebook-Werbekonto zu verkn\u00fcpfen und sie somit einem Facebook-Nutzer zuzuordnen)<br>\u2022 Zus\u00e4tzliche Informationen \u00fcber den Besuch sowie \u00fcber Standard- und benutzerdefinierte Datenereignisse.<br><br>Weitere Informationen finden Sie hier.<br><br>Zudem nutzen wir die Zusatzfunktion \u201eautomatischer erweiterter Abgleich\u201c. Hierbei werden Daten wie Vor- und Nachname, Wohnort, E-Mail-Adressen, Telefonnummern oder Facebook-IDs der Nutzer zur Bildung von Zielgruppen (\u201eCustom Audiences\u201c oder \u201eLook Alike Audiences\u201c) an Facebook in verschl\u00fcsselter Form \u00fcbermittelt. Dies umfasst auch Daten von Nicht-Facebook-Nutzern und von solchen Nutzern, die beim Besuch unserer Webseite nicht bei Facebook angemeldet sind. Hierdurch k\u00f6nnen auch Webseitenbesucher identifiziert werden, die die Speicherung von Drittanbieter-Cookies deaktiviert haben.<br><br>Sofern in Ihrem Browser keine Facebook-Cookies gespeichert sind, wird auch keine Einordnung in eine der als \u201eCustom Audience\u201c bezeichneten Nutzergruppen vorgenommen. Wenn aber eine Zuordnung der im Facebook-Cookie enthaltenen Facebook-ID zu einem Facebook-Nutzer vorgenommen wurde, ordnet Facebook diesen Nutzer anhand der von uns festgelegten Regeln einer sog. \u201eCustom Audience\u201c zu.<br><br>Wir sind nach der Rechtsprechung des Europ\u00e4ischen Gerichtshofs zusammen mit Facebook f\u00fcr den Betrieb des Z\u00e4hlpixel hinsichtlich der Einhaltung der Vorschriften zum Datenschutz gemeinsam verantwortlich. In diesem Rahmen stellt Facebook die dazugeh\u00f6rige IT-Infrastruktur sowie die Webseite des sozialen Netzwerks bereit und ist grunds\u00e4tzlich der prim\u00e4re Ansprechpartner, wenn es um die Verarbeitung Ihrer Daten auf den Seiten des sozialen Netzwerks geht (z.B. Auskunft oder L\u00f6schung). Ihre gesetzlichen Rechte k\u00f6nnen Sie jedoch auch uns gegen\u00fcber geltend machen. Wir leiten Ihre Anfragen in diesem Fall an den Betreiber des sozialen Netzwerks weiter.<br><br>Soweit eine Daten\u00fcbermittlung au\u00dferhalb von der Europ\u00e4ischen Union (EU) bzw. der Vertragsstaaten zum Abkommen \u00fcber den Europ\u00e4ischen Wirtschaftsraum (EWR) erfolgt, verpflichtet Facebook die Empf\u00e4nger (darunter auch die US-amerikanische Facebook Inc., 1601 S. California Ave, Palo Alto, CA 94304, USA) aufgrund sog. EU-Standardvertragsklauseln zur Einhaltung eines angemessenen Datenschutzstandards. Daneben kann eine \u00dcbermittlung in ein Drittland auch aufgrund der Anerkennung eines angemessenen Datenschutzniveaus durch die Europ\u00e4ische Kommission erfolgen.<br><br>Wir setzen das Facebook-Pixel ein, um die von uns geschalteten \u201eFacebook-Ads\u201c solchen Facebook-Nutzern anzuzeigen, die ein Interesse an unserem Onlineangebot gezeigt haben oder welche bestimmte Merkmale aufweisen, die wir an Facebook \u00fcbermitteln (sog. \u201eCustom Audiences\u201c).<br><br>Rechtsgrundlage f\u00fcr die Verwendung von Facebook Custom Audience ist Ihre Einwilligung nach Art. 6 Abs. 1 lit. a) DS-GVO.<br><br>Weitere Informationen hierzu finden Sie hier und in der Datenschutzerkl\u00e4rung von Facebook.<br><br>Snapchat Custom Audience \/ Snapchat-Pixel<br>Wir setzen innerhalb unseres Internetauftritts den Besucheraktions-Pixel des Anbieters Snap Inc., 2772 Donald Douglas, Loop North, Santa Monica, CA 90405, USA (\u201eSnapchat\u201c) ein. Implementiert wurde dabei das Remarketing-Tag bzw. Z\u00e4hlpixel von Snapchat. F\u00fcr die Datenverarbeitung sind Snapchat und wir gemeinsam verantwortlich.<br><br>Durch das Snapchat-Pixel ist es Snapchat m\u00f6glich, die Besucher unseres Onlineangebotes als Zielgruppe f\u00fcr die Darstellung von Anzeigen (sog. \u201eSnapchat-Ads\u201c) zu bestimmen. Die Nachverfolgung eines Nutzers kann dabei auch \u00fcber mehrere Webseiten hinweg erfolgen. Wir setzen das Snapchat-Pixel ein, um die durch uns geschalteten Snapchat-Werbeanzeigen nur solchen Snapchat-Nutzern anzuzeigen, die ein Interesse an unserem Onlineangebot gezeigt haben oder welche bestimmte Merkmale (z.B. Interesse an bestimmten Themen oder Produkten, die anhand der besuchten Webseiten bestimmt werden) aufweisen, die wir an Snapchat \u00fcbermitteln (sog. \u201eCustom Audiences\u201c).<br><br>Mit Hilfe des Snapchat-Pixels k\u00f6nnen wir zudem die Wirksamkeit der Snapchat-Anzeigen f\u00fcr statistische und Marktforschungszwecke nachvollziehen (\u201eAudience Insights\u201c), in dem wir sehen, ob Nutzer nach dem Klick auf eine Snapchat-Anzeige auf unsere Website weitergeleitet wurden (sog. \u201eConversion\u201c).<br><br>Bei dem Snapchat-Pixel handelt es sich um einen Javascript-Code, der die folgenden Daten an Snapchat sendet:<br>\u2022 HTTP-Header-Informationen: u.a. IP-Adresse, Informationen zum Webbrowser, Seitenspeicherort, Dokument, URL der Webseite, Referrer-URL (die Adresse der Webseite, von der aus der Nutzer auf unsere Webseite gekommen ist) und Endger\u00e4t des Webbrowsers (Computer, Smartphone, Tablet, sonstige) sowie Tag und Uhrzeit der Nutzung<br>\u2022 Pixelspezifische Daten: Pixel-ID, Standard-Eventtyp (Nutzeraktion)<br>\u2022 First- und Third-Party-Cookies<br><br>Weitere Informationen finden Sie hier.<br><br>Zudem nutzen wir die Funktion, Nutzerparameter wie E-Mail-Adresse oder Telefonnummer an Snapchat zu \u00fcbermitteln. Dies dient der Bildung von Zielgruppen (\u201eCustom Audiences\u201c oder \u201eLook Alike Audiences\u201c) durch Zuordnung von Nutzeraktionen zu einem bestimmten Snapchat-Konto. Dies umfasst auch Daten von Nicht-Snapchat-Nutzern und von solchen Nutzern, die beim Besuch unserer Webseite nicht bei Snapchat angemeldet sind. Hierdurch k\u00f6nnen auch Webseitenbesucher identifiziert werden, die die Speicherung von Drittanbieter-Cookies deaktiviert haben.<br><br>Sofern in Ihrem Browser keine Snapchat-Cookies gespeichert sind, wird auch keine Einordnung in eine der als \u201eCustom Audience\u201c bezeichneten Nutzergruppen vorgenommen. Wenn aber eine Zuordnung der im Snapchat-Cookie enthaltenen Snapchat-ID zu einem Snapchat-Nutzer vorgenommen wurde, ordnet Snapchat diesen Nutzer anhand der von uns festgelegten Regeln einer sog. \u201eCustom Audience\u201c zu.<br><br><br><br><br><br>Wir sind nach der Rechtsprechung des Europ\u00e4ischen Gerichtshofs zusammen mit Snapchat f\u00fcr den Betrieb des Z\u00e4hlpixel hinsichtlich der Einhaltung der Vorschriften zum Datenschutz gemeinsam verantwortlich. In diesem Rahmen stellt Snapchat die dazugeh\u00f6rige IT-Infrastruktur sowie die Webseite des sozialen Netzwerks bereit und ist grunds\u00e4tzlich der prim\u00e4re Ansprechpartner, wenn es um die Verarbeitung Ihrer Daten auf den Seiten des sozialen Netzwerks geht (z.B. Auskunft oder L\u00f6schung). Ihre gesetzlichen Rechte k\u00f6nnen Sie jedoch auch uns gegen\u00fcber geltend machen. Wir leiten Ihre Anfragen in diesem Fall an den Betreiber des sozialen Netzwerks weiter.<br><br>Soweit eine Daten\u00fcbermittlung au\u00dferhalb von der Europ\u00e4ischen Union (EU) bzw. der Vertragsstaaten zum Abkommen \u00fcber den Europ\u00e4ischen Wirtschaftsraum (EWR) erfolgt, verpflichtet Snapchat die Empf\u00e4nger aufgrund sog. EU-Standardvertragsklauseln zur Einhaltung eines angemessenen Datenschutzstandards. Daneben kann eine \u00dcbermittlung in ein Drittland auch aufgrund der Anerkennung eines angemessenen Datenschutzniveaus durch die Europ\u00e4ische Kommission erfolgen.<br><br>Weitere Informationen zum Datenschutz bei Snapchat finden Sie hier.<br><br>Wir setzen das Snapchat-Pixel ein, um die von uns geschalteten \u201eSnapchat-Ads\u201c solchen Snapchat-Nutzern anzuzeigen, die ein Interesse an unserem Onlineangebot gezeigt haben oder welche bestimmte Merkmale aufweisen, die wir an Snapchat \u00fcbermitteln (sog. \u201eCustom Audiences\u201c).<br><br>Rechtsgrundlage f\u00fcr die Verwendung von Snapchat Custom Audience ist Ihre Einwilligung nach Art. 6 Abs. 1 lit. a) DS-GVO.<\/p>\n\n\n\n<p><strong>Instagram&nbsp;<\/strong><\/p>\n\n\n\n<p>Besuchen Sie unseren Instagram-Kanal, werden personenbezogenen Daten durch die Facebook Ltd., 4 Grand Canal Square, Grand Canal Harbour, Dublin 2 D02 X525, Irland, als Anbieter von Instagram entsprechend der Datenschutzrichtlinie von Instagram gespeichert und verarbeitet. Die Datenschutzrichtlinie finden Sie hier:<\/p>\n\n\n\n<p><a href=\"https:\/\/help.instagram.com\/519522125107875\">https:\/\/help.instagram.com\/519522125107875<br><br><\/a>Zum Zwecke der bedarfsgerechten Gestaltung und fortlaufenden Optimierung unserer Seiten nutzen wir den Statistikdienst Instagram Insights. Dieser Dienst erfasst Ihre Aktivit\u00e4t auf unserer Seite und stellt sie uns in anonymisierten Statistiken zur Verf\u00fcgung. Hierdurch erhalten wir Erkenntnisse u.a. \u00fcber die Interaktionen unserer Fanseitenbesucher, die Aufrufe unserer Seite, die Reichweite von Beitr\u00e4gen, Informationen \u00fcber die Aktivit\u00e4t unserer Abonnenten sowie Informationen, aus welchen L\u00e4ndern und Orten unsere Besucher stammen sowie Statistiken \u00fcber die Geschlechterverh\u00e4ltnisse unserer Besucher. R\u00fcckschl\u00fcsse auf einzelne User sowie Zugriffe auf einzelne Userprofile durch uns sind nicht m\u00f6glich.<\/p>\n\n\n\n<p><strong>Social Plug-ins<\/strong><\/p>\n\n\n\n<p>Wir setzen derzeit folgende Social-Media-Plug-ins ein: Facebook. Dabei werden mit Hilfe eines Buttons personenbezogene Daten an den jeweiligen Plug-in-Anbieter \u00fcbermittelt und dort gespeichert.<\/p>\n\n\n\n<p>Der jeweilige Plug-in-Anbieter speichert die \u00fcber Sie erhobenen Daten als Nutzungsprofile und nutzt diese f\u00fcr Zwecke der Werbung, Marktforschung und\/oder bedarfsgerechten Gestaltung seiner Website. Eine solche Auswertung erfolgt insbesondere (auch f\u00fcr nicht eingeloggte Nutzer) zur Darstellung von bedarfsgerechter Werbung und um andere Nutzer des sozialen Netzwerks \u00fcber Ihre Aktivit\u00e4ten auf einigen unserer Websites zu informieren. Ihnen steht ein Widerspruchsrecht gegen die Bildung dieser Nutzerprofile zu, wobei Sie sich zur Aus\u00fcbung dessen an den jeweiligen Plug-in-Anbieter wenden m\u00fcssen. \u00dcber die Plug-ins bietet wir Ihnen die M\u00f6glichkeit, mit den sozialen Netzwerken und anderen Nutzern zu interagieren, so dass wir unser Angebot verbessern und f\u00fcr Sie als Nutzer interessanter ausgestalten k\u00f6nnen. Rechtsgrundlage f\u00fcr die Nutzung der Plug-ins ist Art.&nbsp;6&nbsp;Abs.&nbsp;1&nbsp;lit.&nbsp;f&nbsp;DS-GVO.<\/p>\n\n\n\n<p>Die Datenweitergabe erfolgt unabh\u00e4ngig davon, ob Sie ein Konto bei dem Plug-in-Anbieter besitzen und dort eingeloggt sind. Wenn Sie bei dem Plug-in-Anbieter eingeloggt sind, werden Ihre bei uns erhobenen Daten direkt Ihrem beim Plug-in-Anbieter bestehenden Konto zugeordnet. Bei US-amerikanischen Anbietern findet eine \u00dcbermittlung in den USA statt; diese haben sich dem EU-US-Privacy-Shield unterworfen:<\/p>\n\n\n\n<p><a href=\"http:\/\/www.privacyshield.gov\/EU-US-Framework\">www.privacyshield.gov\/EU-US-Framework<\/a><\/p>\n\n\n\n<p>Weitere Informationen zu Zweck und Umfang der Datenerhebung und ihrer Verarbeitung durch den Plug-in-Anbieter erhalten Sie in den im Folgenden mitgeteilten Datenschutzerkl\u00e4rungen dieser Anbieter. Dort erhalten Sie auch weitere Informationen zu Ihren diesbez\u00fcglichen Rechten und Einstellungsm\u00f6glichkeiten zum Schutze Ihrer Privatsph\u00e4re:<\/p>\n\n\n\n<ul>\n<li>Facebook Inc., 1601 S California Ave, Palo Alto, California 94304, USA<\/li>\n\n\n\n<li><a href=\"http:\/\/www.facebook.com\/policy.php\">www.facebook.com\/policy.php<\/a><\/li>\n<\/ul>\n\n\n\n<p><strong>WhatsApp<\/strong><\/p>\n\n\n\n<p>Sie haben die M\u00f6glichkeit, uns \u00fcber den Instant-Messaging-Dienst WhatsApp zu kontaktieren. Anbieter ist die WhatsApp Ireland Limited, 4 Grand Canal Square, Grand Canal Harbour, Dublin 2, Irland.<\/p>\n\n\n\n<p>Dabei werden z.B. folgende personenbezogen Daten durch uns verarbeitet: Vor- und Nachnamen, Profilbild und Nachrichten\/Bilder, welche Sie \u00fcber WhatsApp an uns senden.<\/p>\n\n\n\n<p>Sofern Sie uns per WhatsApp kontaktieren, ist Rechtsgrundlage Ihre Einwilligung nach Art. 6 Abs. 1 a) DS-GVO. Sie k\u00f6nnen jederzeit Ihre Einwilligung zur Speicherung widerrufen. Zwingende gesetzliche Bestimmungen \u2013 insbesondere Aufbewahrungsfristen \u2013 bleiben unber\u00fchrt.<\/p>\n\n\n\n<p>Wir weisen darauf hin, dass WhatsApp nach eigener Aussage personenbezogene Daten seiner Nutzer in Drittl\u00e4ndern au\u00dferhalb der EU speichert. Wir haben hierauf keinen Einfluss. Bitte beachten Sie, dass von uns keine Garantie daf\u00fcr \u00fcbernommen werden kann, dass WhatsApp Datenschutzstandards einh\u00e4lt, welche mit den europ\u00e4ischen vergleichbar sind.<\/p>\n\n\n\n<p>Weitere Details zur Datenverarbeitung finden Sie in der Datenschutzrichtlinie von WhatsApp unter:<\/p>\n\n\n\n<p><a href=\"https:\/\/www.whatsapp.com\/legal\/#privacy-policy.\">https:\/\/www.whatsapp.com\/legal\/#privacy-policy.<\/a><\/p>","protected":false},"excerpt":{"rendered":"<p>Trackingtools Facebook Rufen Sie unsere Facebook-Fanseite auf, erhebt, speichert und verarbeitet die Facebook Ltd., 4 Grand Canal Square, Grand Canal Harbour, Dublin [&hellip;]<\/p>","protected":false},"author":1,"featured_media":0,"parent":0,"menu_order":0,"comment_status":"closed","ping_status":"open","template":"","meta":{"footnotes":"","_links_to":"","_links_to_target":""},"acf":[],"yoast_head":"<!-- This site is optimized with the Yoast SEO plugin v21.5 - https:\/\/yoast.com\/wordpress\/plugins\/seo\/ -->\n<title>Trackingtools - Move It Simple<\/title>\n<meta name=\"robots\" content=\"index, follow, max-snippet:-1, max-image-preview:large, max-video-preview:-1\" \/>\n<link rel=\"canonical\" href=\"https:\/\/moveitsimple.de\/de\/trackingtools\/\" \/>\n<meta property=\"og:locale\" content=\"de_DE\" \/>\n<meta property=\"og:type\" content=\"article\" \/>\n<meta property=\"og:title\" content=\"Trackingtools - Move It Simple\" \/>\n<meta property=\"og:description\" content=\"Trackingtools Facebook Rufen Sie unsere Facebook-Fanseite auf, erhebt, speichert und verarbeitet die Facebook Ltd., 4 Grand Canal Square, Grand Canal Harbour, Dublin [&hellip;]\" \/>\n<meta property=\"og:url\" content=\"https:\/\/moveitsimple.de\/de\/trackingtools\/\" \/>\n<meta property=\"og:site_name\" content=\"Move It Simple\" \/>\n<meta name=\"twitter:card\" content=\"summary_large_image\" \/>\n<meta name=\"twitter:label1\" content=\"Gesch\u00e4tzte Lesezeit\" \/>\n\t<meta name=\"twitter:data1\" content=\"10\u00a0Minuten\" \/>\n<script type=\"application\/ld+json\" class=\"yoast-schema-graph\">{\"@context\":\"https:\/\/schema.org\",\"@graph\":[{\"@type\":\"WebPage\",\"@id\":\"https:\/\/moveitsimple.de\/trackingtools\/\",\"url\":\"https:\/\/moveitsimple.de\/trackingtools\/\",\"name\":\"Trackingtools - Move It Simple\",\"isPartOf\":{\"@id\":\"https:\/\/moveitsimple.de\/de\/#website\"},\"datePublished\":\"2023-07-09T15:56:03+00:00\",\"dateModified\":\"2023-07-09T15:56:03+00:00\",\"breadcrumb\":{\"@id\":\"https:\/\/moveitsimple.de\/trackingtools\/#breadcrumb\"},\"inLanguage\":\"de\",\"potentialAction\":[{\"@type\":\"ReadAction\",\"target\":[\"https:\/\/moveitsimple.de\/trackingtools\/\"]}]},{\"@type\":\"BreadcrumbList\",\"@id\":\"https:\/\/moveitsimple.de\/trackingtools\/#breadcrumb\",\"itemListElement\":[{\"@type\":\"ListItem\",\"position\":1,\"name\":\"Startseite\",\"item\":\"https:\/\/moveitsimple.de\/de\/\"},{\"@type\":\"ListItem\",\"position\":2,\"name\":\"Trackingtools\"}]},{\"@type\":\"WebSite\",\"@id\":\"https:\/\/moveitsimple.de\/de\/#website\",\"url\":\"https:\/\/moveitsimple.de\/de\/\",\"name\":\"Move It Simple\",\"description\":\"Ready to go hybrid?\",\"potentialAction\":[{\"@type\":\"SearchAction\",\"target\":{\"@type\":\"EntryPoint\",\"urlTemplate\":\"https:\/\/moveitsimple.de\/de\/?s={search_term_string}\"},\"query-input\":\"required name=search_term_string\"}],\"inLanguage\":\"de\"}]}<\/script>\n<!-- \/ Yoast SEO plugin. -->","yoast_head_json":{"title":"Trackingtools - Move It Simple","robots":{"index":"index","follow":"follow","max-snippet":"max-snippet:-1","max-image-preview":"max-image-preview:large","max-video-preview":"max-video-preview:-1"},"canonical":"https:\/\/moveitsimple.de\/de\/trackingtools\/","og_locale":"de_DE","og_type":"article","og_title":"Trackingtools - Move It Simple","og_description":"Trackingtools Facebook Rufen Sie unsere Facebook-Fanseite auf, erhebt, speichert und verarbeitet die Facebook Ltd., 4 Grand Canal Square, Grand Canal Harbour, Dublin [&hellip;]","og_url":"https:\/\/moveitsimple.de\/de\/trackingtools\/","og_site_name":"Move It Simple","twitter_card":"summary_large_image","twitter_misc":{"Gesch\u00e4tzte Lesezeit":"10\u00a0Minuten"},"schema":{"@context":"https:\/\/schema.org","@graph":[{"@type":"WebPage","@id":"https:\/\/moveitsimple.de\/trackingtools\/","url":"https:\/\/moveitsimple.de\/trackingtools\/","name":"Trackingtools - Move It Simple","isPartOf":{"@id":"https:\/\/moveitsimple.de\/de\/#website"},"datePublished":"2023-07-09T15:56:03+00:00","dateModified":"2023-07-09T15:56:03+00:00","breadcrumb":{"@id":"https:\/\/moveitsimple.de\/trackingtools\/#breadcrumb"},"inLanguage":"de","potentialAction":[{"@type":"ReadAction","target":["https:\/\/moveitsimple.de\/trackingtools\/"]}]},{"@type":"BreadcrumbList","@id":"https:\/\/moveitsimple.de\/trackingtools\/#breadcrumb","itemListElement":[{"@type":"ListItem","position":1,"name":"Startseite","item":"https:\/\/moveitsimple.de\/de\/"},{"@type":"ListItem","position":2,"name":"Trackingtools"}]},{"@type":"WebSite","@id":"https:\/\/moveitsimple.de\/de\/#website","url":"https:\/\/moveitsimple.de\/de\/","name":"Move It Simple","description":"Ready to go hybrid?","potentialAction":[{"@type":"SearchAction","target":{"@type":"EntryPoint","urlTemplate":"https:\/\/moveitsimple.de\/de\/?s={search_term_string}"},"query-input":"required name=search_term_string"}],"inLanguage":"de"}]}},"_links":{"self":[{"href":"https:\/\/moveitsimple.de\/de\/wp-json\/wp\/v2\/pages\/2007"}],"collection":[{"href":"https:\/\/moveitsimple.de\/de\/wp-json\/wp\/v2\/pages"}],"about":[{"href":"https:\/\/moveitsimple.de\/de\/wp-json\/wp\/v2\/types\/page"}],"author":[{"embeddable":true,"href":"https:\/\/moveitsimple.de\/de\/wp-json\/wp\/v2\/users\/1"}],"replies":[{"embeddable":true,"href":"https:\/\/moveitsimple.de\/de\/wp-json\/wp\/v2\/comments?post=2007"}],"version-history":[{"count":1,"href":"https:\/\/moveitsimple.de\/de\/wp-json\/wp\/v2\/pages\/2007\/revisions"}],"predecessor-version":[{"id":2008,"href":"https:\/\/moveitsimple.de\/de\/wp-json\/wp\/v2\/pages\/2007\/revisions\/2008"}],"wp:attachment":[{"href":"https:\/\/moveitsimple.de\/de\/wp-json\/wp\/v2\/media?parent=2007"}],"curies":[{"name":"wp","href":"https:\/\/api.w.org\/{rel}","templated":true}]}}