{"id":2003,"date":"2023-06-27T19:53:59","date_gmt":"2023-06-27T19:53:59","guid":{"rendered":"https:\/\/moveitsimple.de\/?page_id=2003"},"modified":"2026-04-30T11:43:34","modified_gmt":"2026-04-30T11:43:34","slug":"agb","status":"publish","type":"page","link":"https:\/\/moveitsimple.de\/de\/agb\/","title":{"rendered":"AGB"},"content":{"rendered":"<h1 class=\"wp-block-heading\">Allgemeine Gesch\u00e4ftsbedingungen<\/h1>\n\n\n\n<h2 class=\"wp-block-heading\">1. Widerrufsbelehrung<\/h2>\n\n\n\n<p>Widerrufsbelehrung f\u00fcr digitale Inhalte, erstellt nach EGBGB Anlage 1 zu Art. 246a \u00a7 1 Abs. 2 Satz 2. Fundstelle: BGBl. I 2013, 3642 &#8211; 3670<\/p>\n\n\n\n<p><strong>WIDERRUFSBELEHRUNG<\/strong><\/p>\n\n\n\n<p><strong>Widerrufsrecht<\/strong><\/p>\n\n\n\n<p>Sie haben das Recht, binnen vierzehn Tagen ohne Angabe von Gr\u00fcnden diesen Vertrag zu widerrufen.<\/p>\n\n\n\n<p>Die Widerrufsfrist betr\u00e4gt vierzehn Tage ab dem Tag des Vertragsschlusses. Um Ihr Widerrufsrecht auszu\u00fcben, m\u00fcssen Sie uns, Move It Simple UG (haftungsbeschr\u00e4nkt), In der Parkstr. 24, 53498 Bad Breisig, vertretungsberechtigter Gesch\u00e4ftsf\u00fchrerin: Aneta Berchiet, Telefon: +49 (0) 15221811449, E-Mail: dispo@moveitsimple.de mittels einer eindeutigen Erkl\u00e4rung (z. B. ein mit der Post versandter Brief, Telefax oder E-Mail) \u00fcber Ihren Entschluss, diesen Vertrag zu widerrufen, informieren. Sie k\u00f6nnen daf\u00fcr das beigef\u00fcgte Muster-Widerrufsformular verwenden, das jedoch nicht vorgeschrieben ist.<\/p>\n\n\n\n<p>Zur Wahrung der Widerrufsfrist reicht es aus, dass Sie die Mitteilung \u00fcber die Aus\u00fcbung des Widerrufsrechts vor Ablauf der Widerrufsfrist absenden.<\/p>\n\n\n\n<p><strong>Folgen des Widerrufs<\/strong><\/p>\n\n\n\n<p>Wenn Sie diesen Vertrag widerrufen, haben wir Ihnen alle Zahlungen, die wir von Ihnen erhalten haben, einschlie\u00dflich der Lieferkosten (mit Ausnahme der zus\u00e4tzlichen Kosten, die sich daraus ergeben, dass Sie eine andere Art der Lieferung als die von uns angebotene, g\u00fcnstigste Standardlieferung gew\u00e4hlt haben), unverz\u00fcglich und sp\u00e4testens binnen vierzehn Tagen ab dem Tag zur\u00fcckzuzahlen, an dem die Mitteilung \u00fcber Ihren Widerruf dieses Vertrags bei uns eingegangen ist. F\u00fcr diese R\u00fcckzahlung verwenden wir dasselbe Zahlungsmittel, das Sie bei der urspr\u00fcnglichen Transaktion eingesetzt haben, es sei denn, mit Ihnen wurde ausdr\u00fccklich etwas anderes vereinbart; in keinem Fall werden Ihnen wegen dieser R\u00fcckzahlung Entgelte berechnet. Wir k\u00f6nnen die R\u00fcckzahlung verweigern, bis wir die Waren wieder zur\u00fcckerhalten haben oder bis Sie den Nachweis erbracht haben, dass Sie die Waren zur\u00fcckgesandt haben, je nachdem, welches der fr\u00fchere Zeitpunkt ist.<\/p>\n\n\n\n<p>Haben Sie verlangt, dass wir unsere Dienstleistung w\u00e4hrend der Widerrufsfrist beginnen sollen, so haben Sie uns einen angemessenen Betrag zu zahlen, der dem Anteil der bis zu dem Zeitpunkt, zu dem Sie uns von der Aus\u00fcbung des Widerrufsrechts hinsichtlich dieses Vertrags unterrichten, bereits erbrachten Dienstleistungen im Vergleich zum Gesamtumfang der im Vertrag vorgesehenen Dienstleistungen entspricht.&nbsp;<\/p>\n\n\n\n<p>Das Widerrufsrecht besteht nicht bei den folgenden Vertr\u00e4gen:<\/p>\n\n\n\n<p>Vertr\u00e4ge zur Lieferung von Waren, die nicht vorgefertigt sind und f\u00fcr deren Herstellung eine individuelle Auswahl oder Bestimmung durch den Verbraucher ma\u00dfgeblich ist oder die eindeutig auf die pers\u00f6nlichen Bed\u00fcrfnisse des Verbrauchers zugeschnitten sind.<\/p>\n\n\n\n<p>Vertr\u00e4ge zur Lieferung von Waren, die schnell verderben k\u00f6nnen oder deren Verfallsdatum schnell \u00fcberschritten w\u00fcrde.<\/p>\n\n\n\n<p>Vertr\u00e4ge zur Lieferung versiegelter Waren, die aus Gr\u00fcnden des Gesundheitsschutzes oder der Hygiene nicht zur R\u00fcckgabe geeignet sind, wenn ihre Versiegelung nach der Lieferung entfernt wurde.<\/p>\n\n\n\n<p>Vertr\u00e4ge zur Lieferung von Waren, wenn diese nach der Lieferung auf Grund ihrer Beschaffenheit untrennbar mit anderen G\u00fctern vermischt wurden.<\/p>\n\n\n\n<p>Vertr\u00e4ge zur Lieferung alkoholischer Getr\u00e4nke, deren Preis bei Vertragsschluss vereinbart wurde, die aber fr\u00fchestens 30 Tage nach Vertragsschluss geliefert werden k\u00f6nnen und deren aktueller Wert von Schwankungen auf dem Markt abh\u00e4ngt, auf die der Unternehmer keinen Einfluss hat.<\/p>\n\n\n\n<p>Vertr\u00e4ge zur Lieferung von Ton- oder Videoaufnahmen oder Computersoftware in einer versiegelten Packung, wenn die Versiegelung nach der Lieferung entfernt wurde.<\/p>\n\n\n\n<p>Vertr\u00e4ge zur Lieferung von Zeitungen, Zeitschriften oder Illustrierten mit Ausnahme von Abonnement-Vertr\u00e4gen.<\/p>\n\n\n\n<p>Vertr\u00e4ge zur Lieferung von Waren, deren Preis von Schwankungen auf dem Finanzmarkt abh\u00e4ngt, auf die der Unternehmer keinen Einfluss hat und die innerhalb der Widerrufsfrist auftreten k\u00f6nnen.<\/p>\n\n\n\n<p><strong>Muster-Widerrufsformular<\/strong><\/p>\n\n\n\n<p><em>(Wenn Sie den Vertrag widerrufen wollen, dann f\u00fcllen Sie bitte dieses Formular aus und senden Sie es zur\u00fcck.)<\/em><\/p>\n\n\n\n<p><strong>Move It Simple UG (haftungsbeschr\u00e4nkt), In der Parkstr. 24, 53498 Bad Breisig, vertretungsberechtigter Gesch\u00e4ftsf\u00fchrerin: Aneta Berchiet, Telefon: +49 (0) 15221811449, E-Mail: dispo@moveitsimple.de<\/strong><\/p>\n\n\n\n<p>\u2013 Hiermit widerrufe(n) ich\/wir (*) den von mir\/uns (*) abgeschlossenen Vertrag \u00fcber den Kauf der folgenden Waren (*)\/die Erbringung der folgenden Dienstleistung (*)<\/p>\n\n\n\n<p>\u2013 Bestellt am (*)\/erhalten am (*)<\/p>\n\n\n\n<p>\u2013 Name des\/der Verbraucher(s)<\/p>\n\n\n\n<p>\u2013 Anschrift des\/der Verbraucher(s)<\/p>\n\n\n\n<p>\u2013 Unterschrift des\/der Verbraucher(s) (nur bei Mitteilung auf Papier)<\/p>\n\n\n\n<p>\u2013 Datum<\/p>\n\n\n\n<p><em>(*) Unzutreffendes streichen.<\/em><\/p>\n\n\n\n<p><\/p>\n\n\n\n<h2 class=\"wp-block-heading\">2. Allgemeine Gesch\u00e4ftsbedingungen<\/h2>\n\n\n\n<p><strong>\u00a7 1 Geltungsbereich<\/strong><\/p>\n\n\n\n<p>(1) Diese Allgemeinen Vertragsbedingungen (im Folgenden: AGB) gelten f\u00fcr alle \u00fcber unseren Online-Shop geschlossenen Vertr\u00e4ge zwischen uns, Firma Move It Simple UG (haftungsbeschr\u00e4nkt), In der Parkstr. 24, 53498 Bad Breisig, vertretungsberechtigter Gesch\u00e4ftsf\u00fchrerin: Aneta Berchiet, Telefon: +49 (0) 15221811449, E-Mail: dispo@moveitsimple.de &#8211; im Folgenden \u201e<strong>Auftragnehmer<\/strong>\u201c \u2013 und Ihnen als unseren Kunden &#8211; im Folgenden \u201e<strong>Auftraggeber<\/strong>\u201c. Die AGB gelten unabh\u00e4ngig davon, ob Sie Verbraucher, Unternehmer oder Kaufmann sind.<\/p>\n\n\n\n<p>(2) Alle zwischen Ihnen und uns im Zusammenhang mit dem Auftrag getroffenen Vereinbarungen ergeben sich insbesondere aus diesen Vertragsbedingungen, unserer schriftlichen Auftragsbest\u00e4tigung und unserer Annahmeerkl\u00e4rung.<\/p>\n\n\n\n<p>(3) Ma\u00dfgebend ist die jeweils bei Abschluss des Vertrags g\u00fcltige Fassung der AGB.<\/p>\n\n\n\n<p>(4) Abweichende Bedingungen des Kunden akzeptieren wir nicht. Dies gilt auch, wenn wir der Einbeziehung nicht ausdr\u00fccklich widersprechen.<\/p>\n\n\n\n<p><strong>\u00a7 2 Vertragsgegenstand und Vertragsschluss<\/strong><\/p>\n\n\n\n<p>(1) Wir f\u00fchren Einzel- und Sammeltransporte ohne Zwischenlagerung deutschlandweit mit unseren Fahrzeugen durch. Transporte au\u00dferhalb Deutschlands f\u00fchren wir ausschlie\u00dflich mit Fahrzeugen mit einem Zul\u00e4ssigen gesamtgewicht unter 2.8t. Die Bestellung erfolgt \u00fcber unseren Online-Shop.\u00a0<\/p>\n\n\n\n<p>(2) Die Pr\u00e4sentation und Bewerbung von Angeboten in unserem Online-Shop stellt kein bindendes Angebot zum Abschluss eines Kaufvertrags dar.<\/p>\n\n\n\n<p>(3) Mit dem Absenden einer Bestellung \u00fcber den Online-Shop durch Anklicken des Buttons \u201ezahlungspflichtig bestellen\u201c geben Sie eine rechtsverbindliche Bestellung ab. Sie sind an die Bestellung f\u00fcr die Dauer von zwei (2) Wochen nach Abgabe der Bestellung gebunden; Ihr gegebenenfalls bestehendes Recht, Ihre Bestellung zu widerrufen, bleibt hiervon unber\u00fchrt.<\/p>\n\n\n\n<p>(4) Wir werden den Zugang Ihrer \u00fcber unseren Online-Shop abgegebenen Bestellung unverz\u00fcglich per E-Mail best\u00e4tigen. In einer solchen E-Mail liegt noch keine verbindliche Annahme der Bestellung, es sei denn, darin wird neben der Best\u00e4tigung des Zugangs zugleich die Annahme erkl\u00e4rt.<\/p>\n\n\n\n<p>(5) Ein Vertrag kommt erst zustande, wenn wir Ihre Bestellung durch eine Annahmeerkl\u00e4rung oder durch die Ausf\u00fchrung des Auftrages annehmen.<\/p>\n\n\n\n<p>(8) Unsere Leistungen erbringen wir nur in dem in unserem Online Shop angegeben Gebiet, sofern nichts abweichendes zwischen den Parteien vereinbart wird.<\/p>\n\n\n\n<p>(9) Sollte die Lieferung der von Ihnen bestellten Leistungen nicht m\u00f6glich sein, sehen wir von einer Annahmerkl\u00e4rung ab. In diesem Fall kommt ein Vertrag nicht zustande. Wir werden Sie dar\u00fcber unverz\u00fcglich informieren und bereits erhaltene Gegenleistungen unverz\u00fcglich zur\u00fcckerstatten.<\/p>\n\n\n\n<p><strong>\u00a7 3 Abholung und Zustellung der G\u00fcter<\/strong><\/p>\n\n\n\n<p>(1) Wir sind zu Teillieferungen berechtigt, soweit dies f\u00fcr Sie zumutbar ist.<\/p>\n\n\n\n<p>(2) Die Ausf\u00fchrung des Auftrages setzt die vorherige Bezahlung mit den in unserem Online- Shop angebotenen Zahlungsm\u00f6glichkeiten voraus.<\/p>\n\n\n\n<p>(3) Die G\u00fcter werden von uns an der vom Kunden angegebenen Adresse abgeholt und an die vom Kunden angegeben Adresse zugestellt. Das Gut gilt, sofern nicht etwas anderes ausdr\u00fccklich vereinbart wird, als zugestellt, wenn es an der vorgesehenen Abladestelle der f\u00fcr die Abladung zust\u00e4ndigen Person zur Abladung bereitgestellt wird. Mit diesem Zeitpunkt endet, sofern nicht etwas anderes vereinbart ist sp\u00e4testens unsere Haftung. Ist die Zustelladresse eine Wohnung oder eine Gesch\u00e4ftsr\u00e4umlichkeit in einem Haus, so gilt die Zustellung mit der Bereitstellung des Transportgutes an der Bordsetinkante als erledigt, es sei denn der Auftraggeber hat mit dem Transportunternehmer nachweislich eine andere Vereinbarung getroffen.<\/p>\n\n\n\n<p>(4) Ist der Empf\u00e4nger trotz Terminvereinbarung nicht anwesend oder verweigert er grundlos die \u00dcbernahme (mangels einer entsprechenden Vereinbarung) an der Haust\u00fcre so tritt ein Ablieferungshindernis ein und sind wir zur sofortigen Entladung auf Kosten und Gefahr des Kunden berechtigt. Dies gilt auch dann, wenn der Empf\u00e4nger die Annahme ohne wichtigen Grund verweigert. Liefern wir falsche Waren an, ohne dass uns dabei ein Verschulden trifft, und verweigert der Empf\u00e4nger daher die Annahme, ist der Auftraggeber zur Erstattung des gesamten uns hieraus entstehenden Schadens verantwortlich.&nbsp;<\/p>\n\n\n\n<p><strong>\u00a7 4 Stornierung des Auftrages<\/strong><\/p>\n\n\n\n<p>Bei Stornierung des Transportauftrages durch Sie 24 Stunden vor dem geplanten Transportbeginn haben wir uneingeschr\u00e4nkten Anspruch auf die gesamte vereinbarte Verg\u00fctung, wenn die Stornierung von Ihnen zu vertreten ist und wir dies nicht zu verantworten haben. Der Kunde muss uns dar\u00fcber hinaus alle Auslagen und \u2013 im Falle des Verschuldens des Kunden\u2013 alle Sch\u00e4den ersetzen, die durch eine von Ihnen zu vertretende Stornierung des Transportauftrages entstehen.<\/p>\n\n\n\n<p><strong>\u00a7 5 Pflichten des Auftraggebers\u00a0<\/strong><\/p>\n\n\n\n<p>(1) Der Kunde ist f\u00fcr die ordnungsgem\u00e4\u00dfe und transportsichere Verpackung verantwortlich, es sei denn die Parteien haben abweichende Vereinbarungen getroffen. Wir haften nicht f\u00fcr Sch\u00e4den durch unsachgem\u00e4\u00dfe Verpackung, sofern wir diese nicht selber durchgef\u00fchrt haben.<\/p>\n\n\n\n<p>(2) Der Transport ist ausschlie\u00dflich f\u00fcr G\u00fcter m\u00f6glich, die die im Online-Shop angegebenen Voraussetzungen erf\u00fcllen, es sei denn der Auftraggeber hat mit uns eine andere Vereinbarung getroffen.<\/p>\n\n\n\n<p>Insbesondere sind hierbei folgende Einschr\u00e4nkungen zu beachten:<\/p>\n\n\n\n<p>&#8211; kein Transport von Tieren<\/p>\n\n\n\n<p>&#8211; kein Transport von Lebensmitteln<\/p>\n\n\n\n<p>&#8211; kein Transport von Gefahrgut (gem. der aktuell g\u00fcltigen Fassung des ADRs)<\/p>\n\n\n\n<p>Hiervon betroffen sind u. A. Lithium-Metall sowie Lithium-Ionen Batterien und Zellen (sowohl lose als auch in Ausr\u00fcstungen oder Fahrzeugen verbaut).<\/p>\n\n\n\n<p>(3) Die \u00dcberpr\u00fcfung\/Feststellung, ob die Transport-Gegenst\u00e4nde Gefahrgut (und somit auch die o.g. Batterien\/Zellen) enthalten obliegt dem Kunden. Sollten wir bei der Abholung, bzw. beim Transport feststellen, dass die Ladung Gefahrgut enth\u00e4lt, sind wir dazu berechtigt, die Abholung zu verweigern bzw. abzubrechen und ggf. alle erforderlichen Ma\u00dfnahmen zu ergreifen um den Transport gem. den Vorschriften des ADRs auf Kosten und Gefahr des Kunden abzuschlie\u00dfen. Der Kunde ist dar\u00fcber hinaus zum Ersatz aller Auslagen und \u2013 im Falle des Verschuldens des Kunden\u2013 alle Sch\u00e4den, die durch eine vom Kunden zu vertretenden Fehlangaben entstehen, verpflichtet.<\/p>\n\n\n\n<p><strong>\u00a7 6 Preise und Versandkosten<\/strong><\/p>\n\n\n\n<p>(1) S\u00e4mtliche Preisangaben in unserem Online-Shop sind Bruttopreise inklusive der gesetzlichen Umsatzsteuer und verstehen sich zuz\u00fcglich anfallender Versandkosten, sofern diese anfallen, was regelm\u00e4\u00dfig nicht der Fall ist.<\/p>\n\n\n\n<p>(2) Die Versandkosten sind ggf. in unseren Preisangaben in unserem Online-Shop angegeben. Der Preis einschlie\u00dflich Umsatzsteuer und ggf. anfallender Versandkosten wird au\u00dferdem in der Bestellmaske angezeigt, bevor Sie die Bestellung absenden.<\/p>\n\n\n\n<p>(4) Wenn Sie Ihre Vertragserkl\u00e4rung wirksam widerrufen, k\u00f6nnen Sie unter den gesetzlichen Voraussetzungen die Erstattung bereits bezahlter Kosten f\u00fcr den Versand zu Ihnen (Hinsendekosten) verlangen, sofern diese ausnahmsweise angefallen sind.<\/p>\n\n\n\n<p><strong>\u00a7 7 Zahlungsbedingungen und Aufrechnung und Zur\u00fcckbehaltungsrecht<\/strong><\/p>\n\n\n\n<p>(1) Der Preis und ggf. die Versandkosten sind sofort zur Zahlung f\u00e4llig, sofern nichts abweichendes zwischen den Parteien vereinbart wird.<\/p>\n\n\n\n<p>(2) Sie k\u00f6nnen nach Ihrer Wahl nur mit den von uns angebotenen Zahlungsm\u00f6glichkeiten bezahlen.<\/p>\n\n\n\n<p>(3) Sie sind nicht berechtigt, gegen\u00fcber unseren Forderungen aufzurechnen, es sei denn, Ihre Gegenanspr\u00fcche sind rechtskr\u00e4ftig festgestellt oder unbestritten. Sie sind zur Aufrechnung gegen\u00fcber unseren Forderungen auch berechtigt, wenn Sie M\u00e4ngelr\u00fcgen oder Gegenanspr\u00fcche aus demselben Vertrag geltend machen.<\/p>\n\n\n\n<p>(4) Als Auftraggeber d\u00fcrfen Sie ein Zur\u00fcckbehaltungsrecht nur dann aus\u00fcben, wenn Ihr Gegenanspruch aus demselben Vertrag herr\u00fchrt.<\/p>\n\n\n\n<p><strong>\u00a7 8 Gew\u00e4hrleistung<\/strong><\/p>\n\n\n\n<p>Wir haften f\u00fcr Sach- oder Rechtsm\u00e4ngel f\u00fcr unsere Transportleistungen nach den geltenden gesetzlichen Vorschriften,&nbsp;<\/p>\n\n\n\n<p><strong>\u00a7 9 Haftung<\/strong><\/p>\n\n\n\n<p>(1) Wir haften Ihnen gegen\u00fcber in allen F\u00e4llen vertraglicher und au\u00dfervertraglicher Haftung bei Vorsatz und grober Fahrl\u00e4ssigkeit nach Ma\u00dfgabe der gesetzlichen Bestimmungen auf Schadensersatz oder Ersatz vergeblicher Aufwendungen.<\/p>\n\n\n\n<p>(2) In sonstigen F\u00e4llen haften wir \u2013 soweit in Abs. 3 nicht abweichend geregelt \u2013 nur bei Verletzung einer Vertragspflicht, deren Erf\u00fcllung die ordnungsgem\u00e4\u00dfe Durchf\u00fchrung des Vertrags \u00fcberhaupt erst erm\u00f6glicht und auf deren Einhaltung Sie als Kunde regelm\u00e4\u00dfig vertrauen d\u00fcrfen (so genannte Kardinalpflicht), und zwar beschr\u00e4nkt auf den Ersatz des vorhersehbaren und typischen Schadens. In allen \u00fcbrigen F\u00e4llen ist unsere Haftung vorbehaltlich der Regelung in Abs. 3 ausgeschlossen.<\/p>\n\n\n\n<p>(3) Unsere Haftung f\u00fcr Sch\u00e4den aus der Verletzung des Lebens, des K\u00f6rpers oder der Gesundheit und nach dem Produkthaftungsgesetz bleibt von den vorstehenden Haftungsbeschr\u00e4nkungen und \u2013ausschl\u00fcssen unber\u00fchrt.<\/p>\n\n\n\n<p><strong>\u00a7 10 Urheberrechte<\/strong><\/p>\n\n\n\n<p>Wir haben an allen Bildern, Filme und Texten, die in unserem Online Shop ver\u00f6ffentlicht werden, Urheberrechte. Eine Verwendung der Bilder, Filme und Texte, ist ohne unsere ausdr\u00fcckliche Zustimmung nicht gestattet.<\/p>\n\n\n\n<p><strong>\u00a7 11 Anwendbares Recht und Gerichtsstand<\/strong><\/p>\n\n\n\n<p>(1) Es gilt das Recht der Bundesrepublik Deutschland unter Ausschluss des UN-Kaufrechts. Wenn Sie die Bestellung als Verbraucher abgegeben haben und zum Zeitpunkt Ihrer Bestellung Ihren gew\u00f6hnlichen Aufenthalt in einem anderen Land haben, bleibt die Anwendung zwingender Rechtsvorschriften dieses Landes von der in Satz 1 getroffenen Rechtswahl unber\u00fchrt.<\/p>\n\n\n\n<p>(2) Wenn Sie Kaufmann sind und Ihren Sitz zum Zeitpunkt der Bestellung in Deutschland haben, ist ausschlie\u00dflicher Gerichtsstand der Sitz des Verk\u00e4ufers. Im \u00dcbrigen gelten f\u00fcr die \u00f6rtliche und die internationale Zust\u00e4ndigkeit die anwendbaren gesetzlichen Bestimmungen.<\/p>","protected":false},"excerpt":{"rendered":"<p>Allgemeine Gesch\u00e4ftsbedingungen 1. Widerrufsbelehrung Widerrufsbelehrung f\u00fcr digitale Inhalte, erstellt nach EGBGB Anlage 1 zu Art. 246a \u00a7 1 Abs. 2 Satz 2. [&hellip;]<\/p>","protected":false},"author":1,"featured_media":0,"parent":0,"menu_order":0,"comment_status":"closed","ping_status":"open","template":"","meta":{"footnotes":"","_links_to":"","_links_to_target":""},"acf":[],"yoast_head":"<!-- This site is optimized with the Yoast SEO plugin v21.5 - https:\/\/yoast.com\/wordpress\/plugins\/seo\/ -->\n<title>AGB - Move It Simple<\/title>\n<meta name=\"robots\" content=\"index, follow, max-snippet:-1, max-image-preview:large, max-video-preview:-1\" \/>\n<link rel=\"canonical\" href=\"https:\/\/moveitsimple.de\/de\/agb\/\" \/>\n<meta property=\"og:locale\" content=\"de_DE\" \/>\n<meta property=\"og:type\" content=\"article\" \/>\n<meta property=\"og:title\" content=\"AGB - Move It Simple\" \/>\n<meta property=\"og:description\" content=\"Allgemeine Gesch\u00e4ftsbedingungen 1. Widerrufsbelehrung Widerrufsbelehrung f\u00fcr digitale Inhalte, erstellt nach EGBGB Anlage 1 zu Art. 246a \u00a7 1 Abs. 2 Satz 2. [&hellip;]\" \/>\n<meta property=\"og:url\" content=\"https:\/\/moveitsimple.de\/de\/agb\/\" \/>\n<meta property=\"og:site_name\" content=\"Move It Simple\" \/>\n<meta property=\"article:modified_time\" content=\"2026-04-30T11:43:34+00:00\" \/>\n<meta name=\"twitter:card\" content=\"summary_large_image\" \/>\n<meta name=\"twitter:label1\" content=\"Gesch\u00e4tzte Lesezeit\" \/>\n\t<meta name=\"twitter:data1\" content=\"9\u00a0Minuten\" \/>\n<script type=\"application\/ld+json\" class=\"yoast-schema-graph\">{\"@context\":\"https:\/\/schema.org\",\"@graph\":[{\"@type\":\"WebPage\",\"@id\":\"https:\/\/moveitsimple.de\/agb\/\",\"url\":\"https:\/\/moveitsimple.de\/agb\/\",\"name\":\"AGB - Move It Simple\",\"isPartOf\":{\"@id\":\"https:\/\/moveitsimple.de\/de\/#website\"},\"datePublished\":\"2023-06-27T19:53:59+00:00\",\"dateModified\":\"2026-04-30T11:43:34+00:00\",\"breadcrumb\":{\"@id\":\"https:\/\/moveitsimple.de\/agb\/#breadcrumb\"},\"inLanguage\":\"de\",\"potentialAction\":[{\"@type\":\"ReadAction\",\"target\":[\"https:\/\/moveitsimple.de\/agb\/\"]}]},{\"@type\":\"BreadcrumbList\",\"@id\":\"https:\/\/moveitsimple.de\/agb\/#breadcrumb\",\"itemListElement\":[{\"@type\":\"ListItem\",\"position\":1,\"name\":\"Startseite\",\"item\":\"https:\/\/moveitsimple.de\/de\/\"},{\"@type\":\"ListItem\",\"position\":2,\"name\":\"AGB\"}]},{\"@type\":\"WebSite\",\"@id\":\"https:\/\/moveitsimple.de\/de\/#website\",\"url\":\"https:\/\/moveitsimple.de\/de\/\",\"name\":\"Move It Simple\",\"description\":\"Ready to go hybrid?\",\"potentialAction\":[{\"@type\":\"SearchAction\",\"target\":{\"@type\":\"EntryPoint\",\"urlTemplate\":\"https:\/\/moveitsimple.de\/de\/?s={search_term_string}\"},\"query-input\":\"required name=search_term_string\"}],\"inLanguage\":\"de\"}]}<\/script>\n<!-- \/ Yoast SEO plugin. -->","yoast_head_json":{"title":"AGB - Move It Simple","robots":{"index":"index","follow":"follow","max-snippet":"max-snippet:-1","max-image-preview":"max-image-preview:large","max-video-preview":"max-video-preview:-1"},"canonical":"https:\/\/moveitsimple.de\/de\/agb\/","og_locale":"de_DE","og_type":"article","og_title":"AGB - Move It Simple","og_description":"Allgemeine Gesch\u00e4ftsbedingungen 1. Widerrufsbelehrung Widerrufsbelehrung f\u00fcr digitale Inhalte, erstellt nach EGBGB Anlage 1 zu Art. 246a \u00a7 1 Abs. 2 Satz 2. [&hellip;]","og_url":"https:\/\/moveitsimple.de\/de\/agb\/","og_site_name":"Move It Simple","article_modified_time":"2026-04-30T11:43:34+00:00","twitter_card":"summary_large_image","twitter_misc":{"Gesch\u00e4tzte Lesezeit":"9\u00a0Minuten"},"schema":{"@context":"https:\/\/schema.org","@graph":[{"@type":"WebPage","@id":"https:\/\/moveitsimple.de\/agb\/","url":"https:\/\/moveitsimple.de\/agb\/","name":"AGB - Move It Simple","isPartOf":{"@id":"https:\/\/moveitsimple.de\/de\/#website"},"datePublished":"2023-06-27T19:53:59+00:00","dateModified":"2026-04-30T11:43:34+00:00","breadcrumb":{"@id":"https:\/\/moveitsimple.de\/agb\/#breadcrumb"},"inLanguage":"de","potentialAction":[{"@type":"ReadAction","target":["https:\/\/moveitsimple.de\/agb\/"]}]},{"@type":"BreadcrumbList","@id":"https:\/\/moveitsimple.de\/agb\/#breadcrumb","itemListElement":[{"@type":"ListItem","position":1,"name":"Startseite","item":"https:\/\/moveitsimple.de\/de\/"},{"@type":"ListItem","position":2,"name":"AGB"}]},{"@type":"WebSite","@id":"https:\/\/moveitsimple.de\/de\/#website","url":"https:\/\/moveitsimple.de\/de\/","name":"Move It Simple","description":"Ready to go hybrid?","potentialAction":[{"@type":"SearchAction","target":{"@type":"EntryPoint","urlTemplate":"https:\/\/moveitsimple.de\/de\/?s={search_term_string}"},"query-input":"required name=search_term_string"}],"inLanguage":"de"}]}},"_links":{"self":[{"href":"https:\/\/moveitsimple.de\/de\/wp-json\/wp\/v2\/pages\/2003"}],"collection":[{"href":"https:\/\/moveitsimple.de\/de\/wp-json\/wp\/v2\/pages"}],"about":[{"href":"https:\/\/moveitsimple.de\/de\/wp-json\/wp\/v2\/types\/page"}],"author":[{"embeddable":true,"href":"https:\/\/moveitsimple.de\/de\/wp-json\/wp\/v2\/users\/1"}],"replies":[{"embeddable":true,"href":"https:\/\/moveitsimple.de\/de\/wp-json\/wp\/v2\/comments?post=2003"}],"version-history":[{"count":7,"href":"https:\/\/moveitsimple.de\/de\/wp-json\/wp\/v2\/pages\/2003\/revisions"}],"predecessor-version":[{"id":3489,"href":"https:\/\/moveitsimple.de\/de\/wp-json\/wp\/v2\/pages\/2003\/revisions\/3489"}],"wp:attachment":[{"href":"https:\/\/moveitsimple.de\/de\/wp-json\/wp\/v2\/media?parent=2003"}],"curies":[{"name":"wp","href":"https:\/\/api.w.org\/{rel}","templated":true}]}}