{"id":1945,"date":"2023-06-15T18:57:18","date_gmt":"2023-06-15T18:57:18","guid":{"rendered":"https:\/\/moveitsimple.de\/?page_id=1945"},"modified":"2025-06-03T17:21:09","modified_gmt":"2025-06-03T17:21:09","slug":"impressum","status":"publish","type":"page","link":"https:\/\/moveitsimple.de\/de\/impressum\/","title":{"rendered":"Impressum"},"content":{"rendered":"<h1 class=\"wp-block-heading\">Impressum<\/h1>\n\n\n\n<p><strong>Angaben gem\u00e4\u00df \u00a7 5 TMG:<\/strong><\/p>\n\n\n\n<p>Move It Simple UG (haftungsbeschr\u00e4nkt)<\/p>\n\n\n\n<p>Parkstr. 24<\/p>\n\n\n\n<p>53498 Bad Breisig<\/p>\n\n\n\n<p>Vertretungsberechtigte Gesch\u00e4ftsf\u00fchrerin: Aneta Berchiet<\/p>\n\n\n\n<p>Telefon: +49 (0) 15221811449<\/p>\n\n\n\n<p>E-Mail: aneta.berchiet@moveitsimple.de<\/p>\n\n\n\n<p>Umsatzsteuer-ID: DE350055011<\/p>\n\n\n\n<p>Handelsregistereintrag: AG Koblenz<\/p>\n\n\n\n<p>Handelsregisternummer: HRB 31105<\/p>\n\n\n\n<p>Verantwortlich f\u00fcr den Inhalt nach \u00a7 18 Abs. 2 MStV: Aneta Berchiet<\/p>\n\n\n\n<p><strong>Haftungshinweis:<\/strong>&nbsp;Trotz sorgf\u00e4ltiger inhaltlicher Kontrolle \u00fcbernehmen wir keine Haftung f\u00fcr die Inhalte externer Links. F\u00fcr den Inhalt der verlinkten Seiten sind ausschlie\u00dflich deren Betreiber verantwortlich.<\/p>\n\n\n\n<p>Die Europ\u00e4ische Kommission hat eine Europ\u00e4ische Plattform zur Online-Streitbeilegung (\u201eOS-Plattform\u201c) bereitzustellen. Die OS-Plattform ist im Internet unter der Internet-Adresse&nbsp;<a href=\"http:\/\/ec.europa.eu\/consumers\/odr\/\">http:\/\/ec.europa.eu\/consumers\/odr\/<\/a>&nbsp;abrufbar.<\/p>","protected":false},"excerpt":{"rendered":"<p>Impressum Angaben gem\u00e4\u00df \u00a7 5 TMG: Move It Simple UG (haftungsbeschr\u00e4nkt) Parkstr. 24 53498 Bad Breisig Vertretungsberechtigte Gesch\u00e4ftsf\u00fchrerin: Aneta Berchiet Telefon: +49 [&hellip;]<\/p>","protected":false},"author":1,"featured_media":0,"parent":0,"menu_order":0,"comment_status":"closed","ping_status":"open","template":"","meta":{"footnotes":"","_links_to":"","_links_to_target":""},"acf":[],"yoast_head":"<!-- This site is optimized with the Yoast SEO plugin v21.5 - https:\/\/yoast.com\/wordpress\/plugins\/seo\/ -->\n<title>Impressum - Move It Simple<\/title>\n<meta name=\"robots\" content=\"index, follow, max-snippet:-1, max-image-preview:large, max-video-preview:-1\" \/>\n<link rel=\"canonical\" href=\"https:\/\/moveitsimple.de\/de\/impressum\/\" \/>\n<meta property=\"og:locale\" content=\"de_DE\" \/>\n<meta property=\"og:type\" content=\"article\" \/>\n<meta property=\"og:title\" content=\"Impressum - Move It Simple\" \/>\n<meta property=\"og:description\" content=\"Impressum Angaben gem\u00e4\u00df \u00a7 5 TMG: Move It Simple UG (haftungsbeschr\u00e4nkt) Parkstr. 24 53498 Bad Breisig Vertretungsberechtigte Gesch\u00e4ftsf\u00fchrerin: Aneta Berchiet Telefon: +49 [&hellip;]\" \/>\n<meta property=\"og:url\" content=\"https:\/\/moveitsimple.de\/de\/impressum\/\" \/>\n<meta property=\"og:site_name\" content=\"Move It Simple\" \/>\n<meta property=\"article:modified_time\" content=\"2025-06-03T17:21:09+00:00\" \/>\n<meta name=\"twitter:card\" content=\"summary_large_image\" \/>\n<meta name=\"twitter:label1\" content=\"Gesch\u00e4tzte Lesezeit\" \/>\n\t<meta name=\"twitter:data1\" content=\"1\u00a0Minute\" \/>\n<script type=\"application\/ld+json\" class=\"yoast-schema-graph\">{\"@context\":\"https:\/\/schema.org\",\"@graph\":[{\"@type\":\"WebPage\",\"@id\":\"https:\/\/moveitsimple.de\/impressum\/\",\"url\":\"https:\/\/moveitsimple.de\/impressum\/\",\"name\":\"Impressum - Move It Simple\",\"isPartOf\":{\"@id\":\"https:\/\/moveitsimple.de\/de\/#website\"},\"datePublished\":\"2023-06-15T18:57:18+00:00\",\"dateModified\":\"2025-06-03T17:21:09+00:00\",\"breadcrumb\":{\"@id\":\"https:\/\/moveitsimple.de\/impressum\/#breadcrumb\"},\"inLanguage\":\"de\",\"potentialAction\":[{\"@type\":\"ReadAction\",\"target\":[\"https:\/\/moveitsimple.de\/impressum\/\"]}]},{\"@type\":\"BreadcrumbList\",\"@id\":\"https:\/\/moveitsimple.de\/impressum\/#breadcrumb\",\"itemListElement\":[{\"@type\":\"ListItem\",\"position\":1,\"name\":\"Startseite\",\"item\":\"https:\/\/moveitsimple.de\/de\/\"},{\"@type\":\"ListItem\",\"position\":2,\"name\":\"Impressum\"}]},{\"@type\":\"WebSite\",\"@id\":\"https:\/\/moveitsimple.de\/de\/#website\",\"url\":\"https:\/\/moveitsimple.de\/de\/\",\"name\":\"Move It Simple\",\"description\":\"Ready to go hybrid?\",\"potentialAction\":[{\"@type\":\"SearchAction\",\"target\":{\"@type\":\"EntryPoint\",\"urlTemplate\":\"https:\/\/moveitsimple.de\/de\/?s={search_term_string}\"},\"query-input\":\"required name=search_term_string\"}],\"inLanguage\":\"de\"}]}<\/script>\n<!-- \/ Yoast SEO plugin. -->","yoast_head_json":{"title":"Impressum - Move It Simple","robots":{"index":"index","follow":"follow","max-snippet":"max-snippet:-1","max-image-preview":"max-image-preview:large","max-video-preview":"max-video-preview:-1"},"canonical":"https:\/\/moveitsimple.de\/de\/impressum\/","og_locale":"de_DE","og_type":"article","og_title":"Impressum - Move It Simple","og_description":"Impressum Angaben gem\u00e4\u00df \u00a7 5 TMG: Move It Simple UG (haftungsbeschr\u00e4nkt) Parkstr. 24 53498 Bad Breisig Vertretungsberechtigte Gesch\u00e4ftsf\u00fchrerin: Aneta Berchiet Telefon: +49 [&hellip;]","og_url":"https:\/\/moveitsimple.de\/de\/impressum\/","og_site_name":"Move It Simple","article_modified_time":"2025-06-03T17:21:09+00:00","twitter_card":"summary_large_image","twitter_misc":{"Gesch\u00e4tzte Lesezeit":"1\u00a0Minute"},"schema":{"@context":"https:\/\/schema.org","@graph":[{"@type":"WebPage","@id":"https:\/\/moveitsimple.de\/impressum\/","url":"https:\/\/moveitsimple.de\/impressum\/","name":"Impressum - Move It Simple","isPartOf":{"@id":"https:\/\/moveitsimple.de\/de\/#website"},"datePublished":"2023-06-15T18:57:18+00:00","dateModified":"2025-06-03T17:21:09+00:00","breadcrumb":{"@id":"https:\/\/moveitsimple.de\/impressum\/#breadcrumb"},"inLanguage":"de","potentialAction":[{"@type":"ReadAction","target":["https:\/\/moveitsimple.de\/impressum\/"]}]},{"@type":"BreadcrumbList","@id":"https:\/\/moveitsimple.de\/impressum\/#breadcrumb","itemListElement":[{"@type":"ListItem","position":1,"name":"Startseite","item":"https:\/\/moveitsimple.de\/de\/"},{"@type":"ListItem","position":2,"name":"Impressum"}]},{"@type":"WebSite","@id":"https:\/\/moveitsimple.de\/de\/#website","url":"https:\/\/moveitsimple.de\/de\/","name":"Move It Simple","description":"Ready to go hybrid?","potentialAction":[{"@type":"SearchAction","target":{"@type":"EntryPoint","urlTemplate":"https:\/\/moveitsimple.de\/de\/?s={search_term_string}"},"query-input":"required name=search_term_string"}],"inLanguage":"de"}]}},"_links":{"self":[{"href":"https:\/\/moveitsimple.de\/de\/wp-json\/wp\/v2\/pages\/1945"}],"collection":[{"href":"https:\/\/moveitsimple.de\/de\/wp-json\/wp\/v2\/pages"}],"about":[{"href":"https:\/\/moveitsimple.de\/de\/wp-json\/wp\/v2\/types\/page"}],"author":[{"embeddable":true,"href":"https:\/\/moveitsimple.de\/de\/wp-json\/wp\/v2\/users\/1"}],"replies":[{"embeddable":true,"href":"https:\/\/moveitsimple.de\/de\/wp-json\/wp\/v2\/comments?post=1945"}],"version-history":[{"count":2,"href":"https:\/\/moveitsimple.de\/de\/wp-json\/wp\/v2\/pages\/1945\/revisions"}],"predecessor-version":[{"id":3318,"href":"https:\/\/moveitsimple.de\/de\/wp-json\/wp\/v2\/pages\/1945\/revisions\/3318"}],"wp:attachment":[{"href":"https:\/\/moveitsimple.de\/de\/wp-json\/wp\/v2\/media?parent=1945"}],"curies":[{"name":"wp","href":"https:\/\/api.w.org\/{rel}","templated":true}]}}